{"id":1187,"date":"2023-12-26T22:47:38","date_gmt":"2023-12-27T01:47:38","guid":{"rendered":"https:\/\/buensonido.cl\/?page_id=1187"},"modified":"2023-12-26T22:47:38","modified_gmt":"2023-12-27T01:47:38","slug":"quienes-somos","status":"publish","type":"page","link":"https:\/\/buensonido.cl\/?page_id=1187","title":{"rendered":"\u00bfQui\u00e9nes somos?"},"content":{"rendered":"\n<p><a>\u00a1Bienvenidos a Buen Sonido, tu radio multiplataforma favorita! En Buen Sonido, nos dedicamos a proporcionar una experiencia auditiva \u00fanica, fusionando informaci\u00f3n relevante, m\u00fasica vibrante de artistas emergentes, cobertura deportiva apasionante y un toque cultural distintivo. Somos un equipo comprometido con la calidad y la diversidad, llevando a nuestros oyentes una mezcla perfecta de entretenimiento e informaci\u00f3n. \u00a1Sintoniza con nosotros y descubre el placer de sumergirte en el buen sonido que nos define!<\/a><\/p>\n","protected":false},"excerpt":{"rendered":"<p>\u00a1Bienvenidos a Buen Sonido, tu radio multiplataforma favorita! En Buen Sonido, nos dedicamos a proporcionar una experiencia auditiva \u00fanica, fusionando informaci\u00f3n relevante, m\u00fasica vibrante de artistas emergentes, cobertura deportiva apasionante y un toque cultural distintivo. Somos un equipo comprometido con la calidad y la diversidad, llevando a nuestros oyentes una mezcla perfecta de entretenimiento e &hellip;<\/p>\n","protected":false},"author":1,"featured_media":0,"parent":0,"menu_order":0,"comment_status":"closed","ping_status":"closed","template":"","meta":{"footnotes":""},"class_list":["post-1187","page","type-page","status-publish","hentry"],"_links":{"self":[{"href":"https:\/\/buensonido.cl\/index.php?rest_route=\/wp\/v2\/pages\/1187","targetHints":{"allow":["GET"]}}],"collection":[{"href":"https:\/\/buensonido.cl\/index.php?rest_route=\/wp\/v2\/pages"}],"about":[{"href":"https:\/\/buensonido.cl\/index.php?rest_route=\/wp\/v2\/types\/page"}],"author":[{"embeddable":true,"href":"https:\/\/buensonido.cl\/index.php?rest_route=\/wp\/v2\/users\/1"}],"replies":[{"embeddable":true,"href":"https:\/\/buensonido.cl\/index.php?rest_route=%2Fwp%2Fv2%2Fcomments&post=1187"}],"version-history":[{"count":0,"href":"https:\/\/buensonido.cl\/index.php?rest_route=\/wp\/v2\/pages\/1187\/revisions"}],"wp:attachment":[{"href":"https:\/\/buensonido.cl\/index.php?rest_route=%2Fwp%2Fv2%2Fmedia&parent=1187"}],"curies":[{"name":"wp","href":"https:\/\/api.w.org\/{rel}","templated":true}]}}